{"id":3753,"date":"2021-07-28T16:17:19","date_gmt":"2021-07-28T16:17:19","guid":{"rendered":"https:\/\/www.prairiecomeau.com\/biography\/"},"modified":"2026-02-17T13:03:28","modified_gmt":"2026-02-17T18:03:28","slug":"biography","status":"publish","type":"page","link":"https:\/\/www.prairiecomeau.com\/en\/biography\/","title":{"rendered":"Biography"},"content":{"rendered":"\t\t<div data-elementor-type=\"wp-page\" data-elementor-id=\"3753\" class=\"elementor elementor-3753 elementor-2291\" data-elementor-post-type=\"page\">\n\t\t\t\t<div class=\"elementor-element elementor-element-cb3c6e2 e-con-full e-flex e-con e-parent\" data-id=\"cb3c6e2\" data-element_type=\"container\" data-e-type=\"container\" data-settings=\"{&quot;background_background&quot;:&quot;classic&quot;,&quot;background_motion_fx_motion_fx_scrolling&quot;:&quot;yes&quot;,&quot;background_motion_fx_translateY_effect&quot;:&quot;yes&quot;,&quot;background_motion_fx_translateY_speed&quot;:{&quot;unit&quot;:&quot;px&quot;,&quot;size&quot;:6,&quot;sizes&quot;:[]},&quot;background_motion_fx_translateY_affectedRange&quot;:{&quot;unit&quot;:&quot;%&quot;,&quot;size&quot;:&quot;&quot;,&quot;sizes&quot;:{&quot;start&quot;:0,&quot;end&quot;:100}},&quot;background_motion_fx_devices&quot;:[&quot;desktop&quot;,&quot;laptop&quot;,&quot;tablet_extra&quot;,&quot;tablet&quot;,&quot;mobile&quot;]}\">\n\t\t<div class=\"elementor-element elementor-element-9a1f73b e-con-full e-flex e-con e-child\" data-id=\"9a1f73b\" data-element_type=\"container\" data-e-type=\"container\">\n\t\t\t\t<div class=\"elementor-element elementor-element-ce8aea8 elementor-widget elementor-widget-heading\" data-id=\"ce8aea8\" data-element_type=\"widget\" data-e-type=\"widget\" data-widget_type=\"heading.default\">\n\t\t\t\t\t<h1 class=\"elementor-heading-title elementor-size-default\">Biography<\/h1>\t\t\t\t<\/div>\n\t\t\t\t<\/div>\n\t\t\t\t<\/div>\n\t\t<div class=\"elementor-element elementor-element-f7e10db section-xl e-flex e-con-boxed e-con e-child\" data-id=\"f7e10db\" data-element_type=\"container\" data-e-type=\"container\" data-settings=\"{&quot;background_background&quot;:&quot;classic&quot;}\">\n\t\t\t\t\t<div class=\"e-con-inner\">\n\t\t\t\t<div class=\"elementor-element elementor-element-c8321c6 elementor-widget elementor-widget-text-editor\" data-id=\"c8321c6\" data-element_type=\"widget\" data-e-type=\"widget\" data-widget_type=\"text-editor.default\">\n\t\t\t\t\t\t\t\t\t<p><strong>Prairie Comeau<\/strong> is two lovers of song, nostalgic, a bit anachronistic, who carry with them the memory of a time when music was a verb, a gesture that was passed down, a great book kept preciously in the piano bench.<\/p>\n\t\t\t\t\t\t\t\t<\/div>\n\t\t\t\t<div class=\"elementor-element elementor-element-5f0563b elementor-widget elementor-widget-text-editor\" data-id=\"5f0563b\" data-element_type=\"widget\" data-e-type=\"widget\" data-widget_type=\"text-editor.default\">\n\t\t\t\t\t\t\t\t\t<p>The couple began, for pleasure, singing songs together at the kitchen table. Quickly, a constraint took shape: rearranging songs from before 1960. The field is vast, resulting in a first eponymous album released in 2019.<\/p><br><p>Over the years and through concerts, the group's approach became more refined. The two singer-songwriters decided to reopen the piano bench and dive into the archives of <em>La Bonne Chanson<\/em>. Their most recent album, <em><a href=\"https:\/\/espaceparallele.ca\/produit\/lemprunte-prairie-comeau\/\" target=\"_blank\" rel=\"noopener\">L'emprunt(e)<\/a><\/em>, produced by <strong>Nicolas Boulerice<\/strong> (<a href=\"https:\/\/leventdunord.com\/\" target=\"_blank\" rel=\"noopener\">Le Vent du Nord<\/a>), draws from this French-Canadian repertoire of the last century.<\/p><br><p>The duo wishes not only to revive this heritage, but also explores how these songs might be experienced today, how they have traveled through the ages. The result is a timeless folk sound, a new gentle and nostalgic perspective on traditional song.<\/p><br><p><strong>Prairie Comeau<\/strong> draws a line through time, a thread that reminds us we are made of past and present.<\/p>\t\t\t\t\t\t\t\t<\/div>\n\t\t\t\t\t<\/div>\n\t\t\t\t<\/div>\n\t\t<div class=\"elementor-element elementor-element-cf3f1c7 section-l e-flex e-con-boxed e-con e-parent\" data-id=\"cf3f1c7\" data-element_type=\"container\" data-e-type=\"container\" data-settings=\"{&quot;background_background&quot;:&quot;classic&quot;}\">\n\t\t\t\t\t<div class=\"e-con-inner\">\n\t\t<div class=\"elementor-element elementor-element-1f5d9c4 e-con-full e-flex e-con e-child\" data-id=\"1f5d9c4\" data-element_type=\"container\" data-e-type=\"container\">\n\t\t\t\t<div class=\"elementor-element elementor-element-4b446e0 animated-slow elementor-invisible elementor-widget elementor-widget-image\" data-id=\"4b446e0\" data-element_type=\"widget\" data-e-type=\"widget\" data-settings=\"{&quot;_animation&quot;:&quot;fadeIn&quot;}\" data-widget_type=\"image.default\">\n\t\t\t\t\t\t\t\t\t\t\t\t\t\t\t\t<a href=\"https:\/\/ehfwp5bmmt3.exactdn.com\/wp-content\/uploads\/2026\/02\/Prairie-Comeau-photo-couple-bio-2025-103.jpg?strip=all&w=2560\" data-elementor-open-lightbox=\"yes\" data-elementor-lightbox-title=\"Prairie Comeau photo couple bio 2025-103\" data-e-action-hash=\"#elementor-action%3Aaction%3Dlightbox%26settings%3DeyJpZCI6NTgxNCwidXJsIjoiaHR0cHM6XC9cL3d3dy5wcmFpcmllY29tZWF1LmNvbVwvd3AtY29udGVudFwvdXBsb2Fkc1wvMjAyNlwvMDJcL1ByYWlyaWUtQ29tZWF1LXBob3RvLWNvdXBsZS1iaW8tMjAyNS0xMDMuanBnIn0%3D\">\n\t\t\t\t\t\t\t<img fetchpriority=\"high\" decoding=\"async\" width=\"768\" height=\"768\" src=\"https:\/\/ehfwp5bmmt3.exactdn.com\/wp-content\/uploads\/2026\/02\/Prairie-Comeau-photo-couple-bio-2025-103-768x768.jpg?strip=all\" class=\"attachment-medium_large size-medium_large wp-image-5814\" alt=\"Prairie Comeau\" srcset=\"https:\/\/ehfwp5bmmt3.exactdn.com\/wp-content\/uploads\/2026\/02\/Prairie-Comeau-photo-couple-bio-2025-103-768x768.jpg?strip=all 768w, https:\/\/ehfwp5bmmt3.exactdn.com\/wp-content\/uploads\/2026\/02\/Prairie-Comeau-photo-couple-bio-2025-103-300x300.jpg?strip=all 300w, https:\/\/ehfwp5bmmt3.exactdn.com\/wp-content\/uploads\/2026\/02\/Prairie-Comeau-photo-couple-bio-2025-103-1024x1024.jpg?strip=all 1024w, https:\/\/ehfwp5bmmt3.exactdn.com\/wp-content\/uploads\/2026\/02\/Prairie-Comeau-photo-couple-bio-2025-103-150x150.jpg?strip=all 150w, https:\/\/ehfwp5bmmt3.exactdn.com\/wp-content\/uploads\/2026\/02\/Prairie-Comeau-photo-couple-bio-2025-103.jpg?strip=all 1200w, https:\/\/ehfwp5bmmt3.exactdn.com\/wp-content\/uploads\/2026\/02\/Prairie-Comeau-photo-couple-bio-2025-103.jpg?strip=all&amp;w=240 240w, https:\/\/ehfwp5bmmt3.exactdn.com\/wp-content\/uploads\/2026\/02\/Prairie-Comeau-photo-couple-bio-2025-103.jpg?strip=all&amp;w=480 480w, https:\/\/ehfwp5bmmt3.exactdn.com\/wp-content\/uploads\/2026\/02\/Prairie-Comeau-photo-couple-bio-2025-103.jpg?strip=all&amp;w=960 960w\" sizes=\"(max-width: 768px) 100vw, 768px\" title=\"\">\t\t\t\t\t\t\t\t<\/a>\n\t\t\t\t\t\t\t\t\t\t\t\t\t\t\t<\/div>\n\t\t\t\t<\/div>\n\t\t<div class=\"elementor-element elementor-element-0767c93 e-con-full e-flex e-con e-child\" data-id=\"0767c93\" data-element_type=\"container\" data-e-type=\"container\">\n\t\t\t\t<div class=\"elementor-element elementor-element-7372cd6 elementor-widget elementor-widget-text-editor\" data-id=\"7372cd6\" data-element_type=\"widget\" data-e-type=\"widget\" data-widget_type=\"text-editor.default\">\n\t\t\t\t\t\t\t\t\t<p><a href=\"https:\/\/www.facebook.com\/grangeranique\" target=\"_blank\" rel=\"noopener\"><strong>Anique Granger<\/strong><\/a> is a singer-songwriter passionate about guitar with 4 solo albums to her credit. She is also a music and audio documentary producer, including the series <a href=\"https:\/\/ici.radio-canada.ca\/fiches\/3716\/ruban-cassette-rewind-anique-granger-musique\" target=\"_blank\" rel=\"noopener\"><em>Le ruban de la cassette<\/em><\/a>.<\/p>\n\t\t\t\t\t\t\t\t<\/div>\n\t\t\t\t<div class=\"elementor-element elementor-element-1feb86b elementor-widget elementor-widget-text-editor\" data-id=\"1feb86b\" data-element_type=\"widget\" data-e-type=\"widget\" data-widget_type=\"text-editor.default\">\n\t\t\t\t\t\t\t\t\t<p><a href=\"https:\/\/www.facebook.com\/rouxbenoita\" target=\"_blank\" rel=\"noopener\"><strong>Beno\u00eet Archambault<\/strong><\/a> has been working with young audiences for over 20 years (music and literature). He is also a member of the band <a href=\"https:\/\/open.spotify.com\/artist\/2heZLxgJjmZjVPO0gZsscb\" target=\"_blank\" rel=\"noopener\">Mes A\u00efeux<\/a>. More recently, he has been the musical director of the <em>Veill\u00e9es Festives du Petit Th\u00e9\u00e2tre du Nord<\/em> (Boisbriand), which highlights texts by authors from the Laurentians.<\/p>\n\t\t\t\t\t\t\t\t<\/div>\n\t\t\t\t<div class=\"elementor-element elementor-element-a8628fe elementor-icon-list--layout-traditional elementor-list-item-link-full_width elementor-widget elementor-widget-icon-list\" data-id=\"a8628fe\" data-element_type=\"widget\" data-e-type=\"widget\" data-widget_type=\"icon-list.default\">\n\t\t\t\t\t\t\t<ul class=\"elementor-icon-list-items\">\n\t\t\t\t\t\t\t<li class=\"elementor-icon-list-item\">\n\t\t\t\t\t\t\t\t\t\t\t<a href=\"http:\/\/bit.ly\/prairiecomeaufacebook\" target=\"_blank\" rel=\"noopener\">\n\n\t\t\t\t\t\t\t\t\t\t\t\t<span class=\"elementor-icon-list-icon\">\n\t\t\t\t\t\t\t<svg aria-hidden=\"true\" class=\"e-font-icon-svg e-fab-facebook\" viewBox=\"0 0 512 512\" xmlns=\"http:\/\/www.w3.org\/2000\/svg\"><path d=\"M504 256C504 119 393 8 256 8S8 119 8 256c0 123.78 90.69 226.38 209.25 245V327.69h-63V256h63v-54.64c0-62.15 37-96.48 93.67-96.48 27.14 0 55.52 4.84 55.52 4.84v61h-31.28c-30.8 0-40.41 19.12-40.41 38.73V256h68.78l-11 71.69h-57.78V501C413.31 482.38 504 379.78 504 256z\"><\/path><\/svg>\t\t\t\t\t\t<\/span>\n\t\t\t\t\t\t\t\t\t\t<span class=\"elementor-icon-list-text\">Prairie Comeau<\/span>\n\t\t\t\t\t\t\t\t\t\t\t<\/a>\n\t\t\t\t\t\t\t\t\t<\/li>\n\t\t\t\t\t\t\t\t<li class=\"elementor-icon-list-item\">\n\t\t\t\t\t\t\t\t\t\t\t<a href=\"https:\/\/ciedunord.com\/en\/artists\/prairie-comeau\/\" target=\"_blank\" rel=\"noopener\">\n\n\t\t\t\t\t\t\t\t\t\t\t\t<span class=\"elementor-icon-list-icon\">\n\t\t\t\t\t\t\t<svg aria-hidden=\"true\" class=\"e-font-icon-svg e-fas-compact-disc\" viewBox=\"0 0 496 512\" xmlns=\"http:\/\/www.w3.org\/2000\/svg\"><path d=\"M248 8C111 8 0 119 0 256s111 248 248 248 248-111 248-248S385 8 248 8zM88 256H56c0-105.9 86.1-192 192-192v32c-88.2 0-160 71.8-160 160zm160 96c-53 0-96-43-96-96s43-96 96-96 96 43 96 96-43 96-96 96zm0-128c-17.7 0-32 14.3-32 32s14.3 32 32 32 32-14.3 32-32-14.3-32-32-32z\"><\/path><\/svg>\t\t\t\t\t\t<\/span>\n\t\t\t\t\t\t\t\t\t\t<span class=\"elementor-icon-list-text\">La Compagnie du Nord<\/span>\n\t\t\t\t\t\t\t\t\t\t\t<\/a>\n\t\t\t\t\t\t\t\t\t<\/li>\n\t\t\t\t\t\t<\/ul>\n\t\t\t\t\t\t<\/div>\n\t\t\t\t<\/div>\n\t\t\t\t\t<\/div>\n\t\t\t\t<\/div>\n\t\t\t\t<\/div>\n\t\t","protected":false},"excerpt":{"rendered":"<p>Biography Prairie Comeau is two lovers of song, nostalgic, a bit anachronistic, who carry with them the memory of a time when music was a verb, a gesture that was passed down, a great book kept preciously in the piano bench. The couple began, for pleasure, singing songs together at the kitchen table. Quickly, a [&hellip;]<\/p>\n","protected":false},"author":4,"featured_media":0,"parent":0,"menu_order":0,"comment_status":"closed","ping_status":"closed","template":"","meta":{"iawp_total_views":1,"footnotes":""},"class_list":["post-3753","page","type-page","status-publish","hentry"],"_links":{"self":[{"href":"https:\/\/www.prairiecomeau.com\/en\/wp-json\/wp\/v2\/pages\/3753","targetHints":{"allow":["GET"]}}],"collection":[{"href":"https:\/\/www.prairiecomeau.com\/en\/wp-json\/wp\/v2\/pages"}],"about":[{"href":"https:\/\/www.prairiecomeau.com\/en\/wp-json\/wp\/v2\/types\/page"}],"author":[{"embeddable":true,"href":"https:\/\/www.prairiecomeau.com\/en\/wp-json\/wp\/v2\/users\/4"}],"replies":[{"embeddable":true,"href":"https:\/\/www.prairiecomeau.com\/en\/wp-json\/wp\/v2\/comments?post=3753"}],"version-history":[{"count":0,"href":"https:\/\/www.prairiecomeau.com\/en\/wp-json\/wp\/v2\/pages\/3753\/revisions"}],"wp:attachment":[{"href":"https:\/\/www.prairiecomeau.com\/en\/wp-json\/wp\/v2\/media?parent=3753"}],"curies":[{"name":"wp","href":"https:\/\/api.w.org\/{rel}","templated":true}]}}