{"id":3766,"date":"2021-07-28T16:58:33","date_gmt":"2021-07-28T16:58:33","guid":{"rendered":"https:\/\/www.prairiecomeau.com\/contact\/"},"modified":"2026-02-17T12:55:35","modified_gmt":"2026-02-17T17:55:35","slug":"contact","status":"publish","type":"page","link":"https:\/\/www.prairiecomeau.com\/en\/contact\/","title":{"rendered":"Contacts"},"content":{"rendered":"\t\t<div data-elementor-type=\"wp-page\" data-elementor-id=\"3766\" class=\"elementor elementor-3766 elementor-2297\" data-elementor-post-type=\"page\">\n\t\t\t\t<div class=\"elementor-element elementor-element-aca5bc0 e-con-full e-flex e-con e-parent\" data-id=\"aca5bc0\" data-element_type=\"container\" data-e-type=\"container\" data-settings=\"{&quot;background_background&quot;:&quot;slideshow&quot;,&quot;background_slideshow_gallery&quot;:[{&quot;id&quot;:15940,&quot;url&quot;:&quot;https:\\\/\\\/www.prairiecomeau.com\\\/wp-content\\\/uploads\\\/2026\\\/02\\\/Prairie-Comeau-photographe-Annie-Diotte-20250216_0107.jpg&quot;}],&quot;background_slideshow_slide_duration&quot;:4000,&quot;background_slideshow_transition_duration&quot;:700,&quot;background_slideshow_slide_transition&quot;:&quot;fade&quot;}\">\n\t\t<div class=\"elementor-element elementor-element-0151a76 e-con-full e-flex e-con e-child\" data-id=\"0151a76\" data-element_type=\"container\" data-e-type=\"container\">\n\t\t\t\t<div class=\"elementor-element elementor-element-5e4649f elementor-widget elementor-widget-heading\" data-id=\"5e4649f\" data-element_type=\"widget\" data-e-type=\"widget\" data-widget_type=\"heading.default\">\n\t\t\t\t\t<h1 class=\"elementor-heading-title elementor-size-default\">Contact<\/h1>\t\t\t\t<\/div>\n\t\t\t\t<\/div>\n\t\t\t\t<\/div>\n\t\t<div class=\"elementor-element elementor-element-8b86136 e-flex e-con-boxed e-con e-parent\" data-id=\"8b86136\" data-element_type=\"container\" data-e-type=\"container\">\n\t\t\t\t\t<div class=\"e-con-inner\">\n\t\t<div class=\"elementor-element elementor-element-edd4fe4 e-con-full e-flex e-con e-child\" data-id=\"edd4fe4\" data-element_type=\"container\" data-e-type=\"container\">\n\t\t\t\t<div class=\"elementor-element elementor-element-f859749 elementor-widget elementor-widget-heading\" data-id=\"f859749\" data-element_type=\"widget\" data-e-type=\"widget\" data-widget_type=\"heading.default\">\n\t\t\t\t\t<h2 class=\"elementor-heading-title elementor-size-default\">Nous joindre<\/h2>\t\t\t\t<\/div>\n\t\t\t\t<div class=\"elementor-element elementor-element-917b8a9 elementor-widget-divider--view-line elementor-widget elementor-widget-divider\" data-id=\"917b8a9\" data-element_type=\"widget\" data-e-type=\"widget\" data-widget_type=\"divider.default\">\n\t\t\t\t\t\t\t<div class=\"elementor-divider\">\n\t\t\t<span class=\"elementor-divider-separator\">\n\t\t\t\t\t\t<\/span>\n\t\t<\/div>\n\t\t\t\t\t\t<\/div>\n\t\t\t\t<div class=\"elementor-element elementor-element-ab4daf1 elementor-widget elementor-widget-text-editor\" data-id=\"ab4daf1\" data-element_type=\"widget\" data-e-type=\"widget\" data-widget_type=\"text-editor.default\">\n\t\t\t\t\t\t\t\t\t<p>Prairie Comeau \/ Anique Granger<\/p><br><p><a href=\"mailto:prairiecomeau@gmail.com\">prairiecomeau@gmail.com<\/a><\/p>\t\t\t\t\t\t\t\t<\/div>\n\t\t\t\t<\/div>\n\t\t<div class=\"elementor-element elementor-element-48adca5 e-con-full e-flex e-con e-child\" data-id=\"48adca5\" data-element_type=\"container\" data-e-type=\"container\">\n\t\t\t\t<div class=\"elementor-element elementor-element-9722841 elementor-widget elementor-widget-heading\" data-id=\"9722841\" data-element_type=\"widget\" data-e-type=\"widget\" data-widget_type=\"heading.default\">\n\t\t\t\t\t<h2 class=\"elementor-heading-title elementor-size-default\">G\u00c9RANCE<\/h2>\t\t\t\t<\/div>\n\t\t\t\t<div class=\"elementor-element elementor-element-5d44386 elementor-widget-divider--view-line elementor-widget elementor-widget-divider\" data-id=\"5d44386\" data-element_type=\"widget\" data-e-type=\"widget\" data-widget_type=\"divider.default\">\n\t\t\t\t\t\t\t<div class=\"elementor-divider\">\n\t\t\t<span class=\"elementor-divider-separator\">\n\t\t\t\t\t\t<\/span>\n\t\t<\/div>\n\t\t\t\t\t\t<\/div>\n\t\t\t\t<div class=\"elementor-element elementor-element-4851624 elementor-widget elementor-widget-text-editor\" data-id=\"4851624\" data-element_type=\"widget\" data-e-type=\"widget\" data-widget_type=\"text-editor.default\">\n\t\t\t\t\t\t\t\t\t<p><strong>La Compagnie du Nord<\/strong><\/p><br><p>Genevi\u00e8ve Nadeau<br \/>\r\n<a href=\"mailto:spectacle@ciedunord.com\">spectacle@ciedunord.com<\/a><br \/>\r\n+1 450 909-0940<\/p><br><p>200-1028 du Rivage<br \/>\r\nSaint-Antoine-sur-Richelieu<br \/>\r\nQu\u00e9bec, Canada\u00a0 J0L1R0<\/p><br><p><a href=\"https:\/\/ciedunord.com\/\" target=\"_blank\" rel=\"noopener\">ciedunord.com<\/a><\/p>\t\t\t\t\t\t\t\t<\/div>\n\t\t\t\t<\/div>\n\t\t<div class=\"elementor-element elementor-element-0748970 e-con-full e-flex e-con e-child\" data-id=\"0748970\" data-element_type=\"container\" data-e-type=\"container\">\n\t\t\t\t<div class=\"elementor-element elementor-element-eaa9194 elementor-widget elementor-widget-heading\" data-id=\"eaa9194\" data-element_type=\"widget\" data-e-type=\"widget\" data-widget_type=\"heading.default\">\n\t\t\t\t\t<h2 class=\"elementor-heading-title elementor-size-default\">BOOKING<\/h2>\t\t\t\t<\/div>\n\t\t\t\t<div class=\"elementor-element elementor-element-5c4e1ea elementor-widget-divider--view-line elementor-widget elementor-widget-divider\" data-id=\"5c4e1ea\" data-element_type=\"widget\" data-e-type=\"widget\" data-widget_type=\"divider.default\">\n\t\t\t\t\t\t\t<div class=\"elementor-divider\">\n\t\t\t<span class=\"elementor-divider-separator\">\n\t\t\t\t\t\t<\/span>\n\t\t<\/div>\n\t\t\t\t\t\t<\/div>\n\t\t\t\t<div class=\"elementor-element elementor-element-7458c1f elementor-widget elementor-widget-text-editor\" data-id=\"7458c1f\" data-element_type=\"widget\" data-e-type=\"widget\" data-widget_type=\"text-editor.default\">\n\t\t\t\t\t\t\t\t\t<p><strong>Agence BAM<\/strong><\/p><br><p>Vincent Beaulieu<br \/>\r\n<a href=\"mailto:vincent@agencebam.ca\">vincent@agencebam.ca<\/a><br \/>\r\n<br \/>\r\n+1 418 658-7811 #201<\/p><br><p><a href=\"https:\/\/agencebam.ca\/\" target=\"_blank\" rel=\"noopener\">agencebam.ca<\/a><\/p><br><p>&nbsp;<\/p>\t\t\t\t\t\t\t\t<\/div>\n\t\t\t\t<\/div>\n\t\t\t\t\t<\/div>\n\t\t\t\t<\/div>\n\t\t\t\t<\/div>\n\t\t","protected":false},"excerpt":{"rendered":"<p>Contact Nous joindre Prairie Comeau \/ Anique Granger prairiecomeau@gmail.com G\u00c9RANCE La Compagnie du Nord Genevi\u00e8ve Nadeau spectacle@ciedunord.com +1 450 909-0940 200-1028 du Rivage Saint-Antoine-sur-Richelieu Qu\u00e9bec, Canada\u00a0 J0L1R0 ciedunord.com BOOKING Agence BAM Vincent Beaulieu vincent@agencebam.ca +1 418 658-7811 #201 agencebam.ca &nbsp;<\/p>\n","protected":false},"author":4,"featured_media":0,"parent":0,"menu_order":0,"comment_status":"closed","ping_status":"closed","template":"","meta":{"iawp_total_views":0,"footnotes":""},"class_list":["post-3766","page","type-page","status-publish","hentry"],"_links":{"self":[{"href":"https:\/\/www.prairiecomeau.com\/en\/wp-json\/wp\/v2\/pages\/3766","targetHints":{"allow":["GET"]}}],"collection":[{"href":"https:\/\/www.prairiecomeau.com\/en\/wp-json\/wp\/v2\/pages"}],"about":[{"href":"https:\/\/www.prairiecomeau.com\/en\/wp-json\/wp\/v2\/types\/page"}],"author":[{"embeddable":true,"href":"https:\/\/www.prairiecomeau.com\/en\/wp-json\/wp\/v2\/users\/4"}],"replies":[{"embeddable":true,"href":"https:\/\/www.prairiecomeau.com\/en\/wp-json\/wp\/v2\/comments?post=3766"}],"version-history":[{"count":0,"href":"https:\/\/www.prairiecomeau.com\/en\/wp-json\/wp\/v2\/pages\/3766\/revisions"}],"wp:attachment":[{"href":"https:\/\/www.prairiecomeau.com\/en\/wp-json\/wp\/v2\/media?parent=3766"}],"curies":[{"name":"wp","href":"https:\/\/api.w.org\/{rel}","templated":true}]}}